{"id":47,"date":"2015-08-04T16:18:20","date_gmt":"2015-08-04T16:18:20","guid":{"rendered":"https:\/\/dicoames.com\/?page_id=47"},"modified":"2023-04-20T19:05:02","modified_gmt":"2023-04-20T19:05:02","slug":"empresa","status":"publish","type":"page","link":"https:\/\/dicoames.com\/index.php\/empresa\/","title":{"rendered":"Empresa"},"content":{"rendered":"<p>[et_pb_section fb_built=\u00bb1&#8243; fullwidth=\u00bbon\u00bb _builder_version=\u00bb3.22&#8243; background_color=\u00bb#da251c\u00bb transparent_background=\u00bboff\u00bb][et_pb_fullwidth_header title=\u00bbNosotros\u00bb text_orientation=\u00bbcenter\u00bb content_max_width=\u00bbnone\u00bb admin_label=\u00bbT\u00edtulo de anchura completa\u00bb _builder_version=\u00bb3.16&#8243; background_color=\u00bbrgba(255, 255, 255, 0)\u00bb button_one_text_size__hover_enabled=\u00bboff\u00bb button_two_text_size__hover_enabled=\u00bboff\u00bb button_one_text_color__hover_enabled=\u00bboff\u00bb button_two_text_color__hover_enabled=\u00bboff\u00bb button_one_border_width__hover_enabled=\u00bboff\u00bb button_two_border_width__hover_enabled=\u00bboff\u00bb button_one_border_color__hover_enabled=\u00bboff\u00bb button_two_border_color__hover_enabled=\u00bboff\u00bb button_one_border_radius__hover_enabled=\u00bboff\u00bb button_two_border_radius__hover_enabled=\u00bboff\u00bb button_one_letter_spacing__hover_enabled=\u00bboff\u00bb button_two_letter_spacing__hover_enabled=\u00bboff\u00bb button_one_bg_color__hover_enabled=\u00bboff\u00bb button_two_bg_color__hover_enabled=\u00bboff\u00bb] [\/et_pb_fullwidth_header][\/et_pb_section][et_pb_section fb_built=\u00bb1&#8243; _builder_version=\u00bb3.22&#8243; background_color=\u00bb#ffffff\u00bb transparent_background=\u00bboff\u00bb][et_pb_row _builder_version=\u00bb3.25&#8243; background_size=\u00bbinitial\u00bb background_position=\u00bbtop_left\u00bb background_repeat=\u00bbrepeat\u00bb][et_pb_column type=\u00bb4_4&#8243; _builder_version=\u00bb3.25&#8243; custom_padding=\u00bb|||\u00bb custom_padding__hover=\u00bb|||\u00bb][et_pb_slider admin_label=\u00bbDeslizador\u00bb _builder_version=\u00bb3.16&#8243; custom_padding=\u00bb|||\u00bb custom_padding_tablet=\u00bb|||\u00bb custom_padding_phone=\u00bb|||\u00bb box_shadow_style=\u00bbpreset6&#8243; box_shadow_blur=\u00bb10px\u00bb box_shadow_color=\u00bbrgba(0,0,0,0.1)\u00bb show_inner_shadow=\u00bbon\u00bb button_text_size__hover_enabled=\u00bboff\u00bb button_one_text_size__hover_enabled=\u00bboff\u00bb button_two_text_size__hover_enabled=\u00bboff\u00bb button_text_color__hover_enabled=\u00bboff\u00bb button_one_text_color__hover_enabled=\u00bboff\u00bb button_two_text_color__hover_enabled=\u00bboff\u00bb button_border_width__hover_enabled=\u00bboff\u00bb button_one_border_width__hover_enabled=\u00bboff\u00bb button_two_border_width__hover_enabled=\u00bboff\u00bb button_border_color__hover_enabled=\u00bboff\u00bb button_one_border_color__hover_enabled=\u00bboff\u00bb button_two_border_color__hover_enabled=\u00bboff\u00bb button_border_radius__hover_enabled=\u00bboff\u00bb button_one_border_radius__hover_enabled=\u00bboff\u00bb button_two_border_radius__hover_enabled=\u00bboff\u00bb button_letter_spacing__hover_enabled=\u00bboff\u00bb button_one_letter_spacing__hover_enabled=\u00bboff\u00bb button_two_letter_spacing__hover_enabled=\u00bboff\u00bb button_bg_color__hover_enabled=\u00bboff\u00bb button_one_bg_color__hover_enabled=\u00bboff\u00bb button_two_bg_color__hover_enabled=\u00bboff\u00bb] [\/et_pb_slider][\/et_pb_column][\/et_pb_row][et_pb_row _builder_version=\u00bb3.25&#8243; background_size=\u00bbinitial\u00bb background_position=\u00bbtop_left\u00bb background_repeat=\u00bbrepeat\u00bb][et_pb_column type=\u00bb4_4&#8243; _builder_version=\u00bb3.25&#8243; custom_padding=\u00bb|||\u00bb custom_padding__hover=\u00bb|||\u00bb][et_pb_text admin_label=\u00bbTexto\u00bb _builder_version=\u00bb4.1&#8243; text_font_size=\u00bb17&#8243; background_size=\u00bbinitial\u00bb background_position=\u00bbtop_left\u00bb background_repeat=\u00bbrepeat\u00bb use_border_color=\u00bboff\u00bb border_color=\u00bb#ffffff\u00bb border_style=\u00bbsolid\u00bb]<\/p>\n<p style=\"text-align: justify;\"><span style=\"color: #000000;\"><strong>DICOAMES<\/strong> es Distribuidora y comercializadora de Venta de <a href=\"https:\/\/dicoames.com\/index.php\/surtido-de-material-electrico-en-merida\/\">equipo el\u00e9ctrico<\/a> en M\u00e9rida\u00a0servimos nacional e internacionalmente a contratistas el\u00e9ctricos, facilidades industriales, instituciones y compa\u00f1\u00edas y contratistas independientes. <\/span><\/p>\n<p style=\"text-align: justify;\"><span style=\"color: #000000;\">Empresa Fundada en 2010 por el Ing. Fernando de Dios como parte del plan de crecimiento del Corporativo <a href=\"https:\/\/www.planetamexico.com.mx\/corporativo-dicofe-F1B09C9011BD0\">DICOFE<\/a> buscando ofrecer un mejor servicio y la atenci\u00f3n m\u00e1s r\u00e1pida a precios competitivos a la industria, bas\u00e1ndonos en nuestros valores y una pol\u00edtica de constante mejora interna para poder dar cada d\u00eda el mejor servicio.<\/span><\/p>\n<p style=\"text-align: justify;\"><span style=\"color: #000000;\"><strong>En DICOAMES<\/strong> no existe el cliente peque\u00f1o o grande y todos son tratados con la mejor disposici\u00f3n por parte de nuestros colaboradores. Ganarnos la confianza y reconocimiento ha sido la piedra angular del \u00e9xito de DICOAMES.<\/span><\/p>\n<p><span style=\"color: #000000;\">Posible gracias a nuestro gran servicio, rapidez y cumplimiento de nuestros acuerdos, alcanzando un nivel de competitividad con respecto a compa\u00f1\u00edas de anta\u00f1o, distribuyendo equipos y materiales de la misma calidad.<img loading=\"lazy\" decoding=\"async\" class=\"alignright wp-image-225\" src=\"https:\/\/dicoames.com\/wp-content\/uploads\/2015\/08\/fachada1.jpg\" alt=\"fachada\" width=\"652\" height=\"367\" srcset=\"https:\/\/dicoames.com\/wp-content\/uploads\/2015\/08\/fachada1.jpg 800w, https:\/\/dicoames.com\/wp-content\/uploads\/2015\/08\/fachada1-300x169.jpg 300w\" sizes=\"auto, (max-width: 652px) 100vw, 652px\" \/><\/span><\/p>\n<h3><\/h3>\n<h3><strong><span style=\"color: #000000;\">\u00bfC\u00f3mo nos distinguimos?<\/span><\/strong><\/h3>\n<ul>\n<li><span style=\"color: #000000;\">Con nuestro servicio individualizado y seguimiento de clientes<\/span><\/li>\n<li><span style=\"color: #000000;\">Ofreciendo soluciones a las necesidades individuales de cada proyecto.<\/span><\/li>\n<li><span style=\"color: #000000;\">Rapidez en la entrega de los insumos<\/span><\/li>\n<li><span style=\"color: #000000;\">Amplios horarios de atenci\u00f3n<\/span><\/li>\n<\/ul>\n<p style=\"text-align: justify;\"><span style=\"color: #000000;\">Abrimos antes y cerramos despu\u00e9s que la mayor\u00eda de las dem\u00e1s tiendas con horarios de 7 am a 7 pm.<\/span><\/p>\n<p style=\"text-align: justify;\"><span style=\"color: #000000;\">Venta de equipo el\u00e9ctrico en M\u00e9rida<\/span><\/p>\n<p>[\/et_pb_text][\/et_pb_column][\/et_pb_row][et_pb_row column_structure=\u00bb1_2,1_2&#8243; _builder_version=\u00bb3.25&#8243; background_size=\u00bbinitial\u00bb background_position=\u00bbtop_left\u00bb background_repeat=\u00bbrepeat\u00bb][et_pb_column type=\u00bb1_2&#8243; _builder_version=\u00bb3.25&#8243; custom_padding=\u00bb|||\u00bb custom_padding__hover=\u00bb|||\u00bb][et_pb_tabs admin_label=\u00bbPesta\u00f1as\u00bb _builder_version=\u00bb4.1&#8243; body_font_size=\u00bb16&#8243; tab_font_size=\u00bb19&#8243; background_color=\u00bb#eeee22&#8243; background_size=\u00bbinitial\u00bb background_position=\u00bbtop_left\u00bb background_repeat=\u00bbrepeat\u00bb hover_enabled=\u00bb0&#8243; use_border_color=\u00bboff\u00bb border_color=\u00bb#ffffff\u00bb border_style=\u00bbsolid\u00bb][et_pb_tab title=\u00bbMisi\u00f3n\u00bb _builder_version=\u00bb4.1&#8243; background_size=\u00bbinitial\u00bb background_position=\u00bbtop_left\u00bb background_repeat=\u00bbrepeat\u00bb hover_enabled=\u00bb0&#8243;]<\/p>\n<p style=\"text-align: justify;\"><span style=\"color: #000000;\">Servir oportunamente a las necesidades del mercado, esforz\u00e1ndonos todos los d\u00edas por brindar la mejor calidad de servicio y los mejores precios en suministros el\u00e9ctricos, ofreciendo una atenci\u00f3n personalizada, flexible, r\u00e1pida y a las necesidades de nuestros clientes, para formar parte del progreso de la industria en la pen\u00ednsula, de nuestro personal y de quienes conf\u00edan en nosotros.<\/span><\/p>\n<p>[\/et_pb_tab][et_pb_tab title=\u00bbVisi\u00f3n\u00bb _builder_version=\u00bb4.1&#8243; background_size=\u00bbinitial\u00bb background_position=\u00bbtop_left\u00bb background_repeat=\u00bbrepeat\u00bb hover_enabled=\u00bb0&#8243;]<\/p>\n<p style=\"text-align: justify;\"><span style=\"color: #000000;\">Posicionarnos en el mercado Nacional como una empresa L\u00edder en la comercializaci\u00f3n de equipos el\u00e9ctricos y la Instalaci\u00f3n de redes El\u00e9ctricas para la media tensi\u00f3n, pararrayos y tierras f\u00edsicas en el Sureste, bas\u00e1ndonos en la optimizaci\u00f3n de recursos, aprovechamiento de la tecnolog\u00eda, con compromiso y el esfuerzo constante de nuestro personal.<\/span><\/p>\n<p>[\/et_pb_tab][\/et_pb_tabs][\/et_pb_column][et_pb_column type=\u00bb1_2&#8243; _builder_version=\u00bb3.25&#8243; custom_padding=\u00bb|||\u00bb custom_padding__hover=\u00bb|||\u00bb][et_pb_image src=\u00bbhttps:\/\/dicoames.com\/wp-content\/uploads\/2015\/08\/logo1.jpg\u00bb align_tablet=\u00bbcenter\u00bb align_phone=\u00bb\u00bb align_last_edited=\u00bbon|desktop\u00bb admin_label=\u00bbImagen\u00bb _builder_version=\u00bb3.23&#8243; animation_style=\u00bbslide\u00bb animation_direction=\u00bbleft\u00bb animation_duration=\u00bb500ms\u00bb animation_intensity_slide=\u00bb10%\u00bb use_border_color=\u00bboff\u00bb border_color=\u00bb#ffffff\u00bb border_style=\u00bbsolid\u00bb animation=\u00bbleft\u00bb sticky=\u00bboff\u00bb always_center_on_mobile=\u00bbon\u00bb] [\/et_pb_image][\/et_pb_column][\/et_pb_row][\/et_pb_section][et_pb_section fb_built=\u00bb1&#8243; fullwidth=\u00bbon\u00bb custom_padding_last_edited=\u00bbon|desktop\u00bb _builder_version=\u00bb3.22&#8243; background_image=\u00bbhttps:\/\/dicoames.com\/wp-content\/uploads\/2015\/08\/FONDO51.jpg\u00bb parallax=\u00bbon\u00bb parallax_method=\u00bboff\u00bb custom_padding_tablet=\u00bb50px|0|50px|0&#8243; custom_padding_phone=\u00bb\u00bb transparent_background=\u00bboff\u00bb padding_mobile=\u00bboff\u00bb make_fullwidth=\u00bboff\u00bb use_custom_width=\u00bboff\u00bb width_unit=\u00bbon\u00bb][et_pb_fullwidth_header content_max_width=\u00bbnone\u00bb admin_label=\u00bbT\u00edtulo de anchura completa\u00bb _builder_version=\u00bb3.16&#8243; background_color=\u00bbrgba(255, 255, 255, 0)\u00bb background_layout=\u00bblight\u00bb button_one_letter_spacing_hover=\u00bb0&#8243; button_two_letter_spacing_hover=\u00bb0&#8243; button_one_text_size__hover_enabled=\u00bboff\u00bb button_two_text_size__hover_enabled=\u00bboff\u00bb button_one_text_color__hover_enabled=\u00bboff\u00bb button_two_text_color__hover_enabled=\u00bboff\u00bb button_one_border_width__hover_enabled=\u00bboff\u00bb button_two_border_width__hover_enabled=\u00bboff\u00bb button_one_border_color__hover_enabled=\u00bboff\u00bb button_two_border_color__hover_enabled=\u00bboff\u00bb button_one_border_radius__hover_enabled=\u00bboff\u00bb button_two_border_radius__hover_enabled=\u00bboff\u00bb button_one_letter_spacing__hover_enabled=\u00bbon\u00bb button_one_letter_spacing__hover=\u00bb0&#8243; button_two_letter_spacing__hover_enabled=\u00bbon\u00bb button_two_letter_spacing__hover=\u00bb0&#8243; button_one_bg_color__hover_enabled=\u00bboff\u00bb button_two_bg_color__hover_enabled=\u00bboff\u00bb] [\/et_pb_fullwidth_header][et_pb_fullwidth_header content_max_width=\u00bbnone\u00bb admin_label=\u00bbT\u00edtulo de anchura completa\u00bb _builder_version=\u00bb3.16&#8243; background_color=\u00bbrgba(255, 255, 255, 0)\u00bb background_layout=\u00bblight\u00bb button_one_letter_spacing_hover=\u00bb0&#8243; button_two_letter_spacing_hover=\u00bb0&#8243; button_one_text_size__hover_enabled=\u00bboff\u00bb button_two_text_size__hover_enabled=\u00bboff\u00bb button_one_text_color__hover_enabled=\u00bboff\u00bb button_two_text_color__hover_enabled=\u00bboff\u00bb button_one_border_width__hover_enabled=\u00bboff\u00bb button_two_border_width__hover_enabled=\u00bboff\u00bb button_one_border_color__hover_enabled=\u00bboff\u00bb button_two_border_color__hover_enabled=\u00bboff\u00bb button_one_border_radius__hover_enabled=\u00bboff\u00bb button_two_border_radius__hover_enabled=\u00bboff\u00bb button_one_letter_spacing__hover_enabled=\u00bbon\u00bb button_one_letter_spacing__hover=\u00bb0&#8243; button_two_letter_spacing__hover_enabled=\u00bbon\u00bb button_two_letter_spacing__hover=\u00bb0&#8243; button_one_bg_color__hover_enabled=\u00bboff\u00bb button_two_bg_color__hover_enabled=\u00bboff\u00bb] [\/et_pb_fullwidth_header][\/et_pb_section][et_pb_section fb_built=\u00bb1&#8243; _builder_version=\u00bb3.22&#8243;][et_pb_row _builder_version=\u00bb3.25&#8243; background_size=\u00bbinitial\u00bb background_position=\u00bbtop_left\u00bb background_repeat=\u00bbrepeat\u00bb][et_pb_column type=\u00bb4_4&#8243; _builder_version=\u00bb3.25&#8243; custom_padding=\u00bb|||\u00bb custom_padding__hover=\u00bb|||\u00bb][et_pb_cta button_url=\u00bbhttps:\/\/dicoames.com\/index.php\/contactos\/\u00bb button_text=\u00bbCotiza tu Producto\u00bb admin_label=\u00bbLlamada a la acci\u00f3n\u00bb _builder_version=\u00bb3.16&#8243; background_color=\u00bb#c12828&#8243; background_size=\u00bbinitial\u00bb background_position=\u00bbtop_left\u00bb background_repeat=\u00bbrepeat\u00bb use_border_color=\u00bboff\u00bb border_color=\u00bb#ffffff\u00bb border_style=\u00bbsolid\u00bb button_letter_spacing_hover=\u00bb0&#8243; button_text_size__hover_enabled=\u00bboff\u00bb button_one_text_size__hover_enabled=\u00bboff\u00bb button_two_text_size__hover_enabled=\u00bboff\u00bb button_text_color__hover_enabled=\u00bboff\u00bb button_one_text_color__hover_enabled=\u00bboff\u00bb button_two_text_color__hover_enabled=\u00bboff\u00bb button_border_width__hover_enabled=\u00bboff\u00bb button_one_border_width__hover_enabled=\u00bboff\u00bb button_two_border_width__hover_enabled=\u00bboff\u00bb button_border_color__hover_enabled=\u00bboff\u00bb button_one_border_color__hover_enabled=\u00bboff\u00bb button_two_border_color__hover_enabled=\u00bboff\u00bb button_border_radius__hover_enabled=\u00bboff\u00bb button_one_border_radius__hover_enabled=\u00bboff\u00bb button_two_border_radius__hover_enabled=\u00bboff\u00bb button_letter_spacing__hover_enabled=\u00bbon\u00bb button_letter_spacing__hover=\u00bb0&#8243; button_one_letter_spacing__hover_enabled=\u00bboff\u00bb button_two_letter_spacing__hover_enabled=\u00bboff\u00bb button_bg_color__hover_enabled=\u00bboff\u00bb button_one_bg_color__hover_enabled=\u00bboff\u00bb button_two_bg_color__hover_enabled=\u00bboff\u00bb] [\/et_pb_cta][\/et_pb_column][\/et_pb_row][\/et_pb_section]<\/p>\n","protected":false},"excerpt":{"rendered":"<p>[et_pb_section fb_built=\u00bb1&#8243; fullwidth=\u00bbon\u00bb _builder_version=\u00bb3.22&#8243; background_color=\u00bb#da251c\u00bb transparent_background=\u00bboff\u00bb][et_pb_fullwidth_header title=\u00bbNosotros\u00bb text_orientation=\u00bbcenter\u00bb content_max_width=\u00bbnone\u00bb admin_label=\u00bbT\u00edtulo de anchura completa\u00bb _builder_version=\u00bb3.16&#8243; background_color=\u00bbrgba(255, 255, 255, 0)\u00bb button_one_text_size__hover_enabled=\u00bboff\u00bb button_two_text_size__hover_enabled=\u00bboff\u00bb button_one_text_color__hover_enabled=\u00bboff\u00bb button_two_text_color__hover_enabled=\u00bboff\u00bb button_one_border_width__hover_enabled=\u00bboff\u00bb button_two_border_width__hover_enabled=\u00bboff\u00bb button_one_border_color__hover_enabled=\u00bboff\u00bb button_two_border_color__hover_enabled=\u00bboff\u00bb button_one_border_radius__hover_enabled=\u00bboff\u00bb button_two_border_radius__hover_enabled=\u00bboff\u00bb button_one_letter_spacing__hover_enabled=\u00bboff\u00bb button_two_letter_spacing__hover_enabled=\u00bboff\u00bb button_one_bg_color__hover_enabled=\u00bboff\u00bb button_two_bg_color__hover_enabled=\u00bboff\u00bb] [\/et_pb_fullwidth_header][\/et_pb_section][et_pb_section fb_built=\u00bb1&#8243; _builder_version=\u00bb3.22&#8243; background_color=\u00bb#ffffff\u00bb transparent_background=\u00bboff\u00bb][et_pb_row _builder_version=\u00bb3.25&#8243; background_size=\u00bbinitial\u00bb background_position=\u00bbtop_left\u00bb background_repeat=\u00bbrepeat\u00bb][et_pb_column type=\u00bb4_4&#8243; _builder_version=\u00bb3.25&#8243; custom_padding=\u00bb|||\u00bb custom_padding__hover=\u00bb|||\u00bb][et_pb_slider admin_label=\u00bbDeslizador\u00bb _builder_version=\u00bb3.16&#8243; custom_padding=\u00bb|||\u00bb custom_padding_tablet=\u00bb|||\u00bb custom_padding_phone=\u00bb|||\u00bb box_shadow_style=\u00bbpreset6&#8243; box_shadow_blur=\u00bb10px\u00bb box_shadow_color=\u00bbrgba(0,0,0,0.1)\u00bb show_inner_shadow=\u00bbon\u00bb button_text_size__hover_enabled=\u00bboff\u00bb [&hellip;]<\/p>\n","protected":false},"author":2,"featured_media":0,"parent":0,"menu_order":0,"comment_status":"open","ping_status":"open","template":"","meta":{"_et_pb_use_builder":"on","_et_pb_old_content":"","_et_gb_content_width":"","_monsterinsights_skip_tracking":false,"_monsterinsights_sitenote_active":false,"_monsterinsights_sitenote_note":"","_monsterinsights_sitenote_category":0,"footnotes":""},"class_list":["post-47","page","type-page","status-publish","hentry"],"yoast_head":"<!-- This site is optimized with the Yoast SEO plugin v26.0 - https:\/\/yoast.com\/wordpress\/plugins\/seo\/ -->\n<title>Venta de equipo el\u00e9ctrico en M\u00e9rida | Distribuidora Dicoames<\/title>\n<meta name=\"description\" content=\"Venta de equipo el\u00e9ctrico en M\u00e9rida, DICOAMES Distribuidora y comercializadora de materiales el\u00e9ctricos, herrajes y suministros | Cont\u00e1ctanos\" \/>\n<meta name=\"robots\" content=\"index, follow, max-snippet:-1, max-image-preview:large, max-video-preview:-1\" \/>\n<link rel=\"canonical\" href=\"https:\/\/dicoames.com\/index.php\/empresa\/\" \/>\n<meta property=\"og:locale\" content=\"es_ES\" \/>\n<meta property=\"og:type\" content=\"article\" \/>\n<meta property=\"og:title\" content=\"Venta de equipo el\u00e9ctrico en M\u00e9rida | Distribuidora Dicoames\" \/>\n<meta property=\"og:description\" content=\"Venta de equipo el\u00e9ctrico en M\u00e9rida, DICOAMES Distribuidora y comercializadora de materiales el\u00e9ctricos, herrajes y suministros | Cont\u00e1ctanos\" \/>\n<meta property=\"og:url\" content=\"https:\/\/dicoames.com\/index.php\/empresa\/\" \/>\n<meta property=\"og:site_name\" content=\"Material Electrico\" \/>\n<meta property=\"article:modified_time\" content=\"2023-04-20T19:05:02+00:00\" \/>\n<meta property=\"og:image\" content=\"https:\/\/dicoames.com\/wp-content\/uploads\/2015\/08\/fachada1.jpg\" \/>\n<meta name=\"twitter:card\" content=\"summary_large_image\" \/>\n<meta name=\"twitter:label1\" content=\"Tiempo de lectura\" \/>\n\t<meta name=\"twitter:data1\" content=\"3 minutos\" \/>\n<script type=\"application\/ld+json\" class=\"yoast-schema-graph\">{\"@context\":\"https:\/\/schema.org\",\"@graph\":[{\"@type\":\"WebPage\",\"@id\":\"https:\/\/dicoames.com\/index.php\/empresa\/\",\"url\":\"https:\/\/dicoames.com\/index.php\/empresa\/\",\"name\":\"Venta de equipo el\u00e9ctrico en M\u00e9rida | Distribuidora Dicoames\",\"isPartOf\":{\"@id\":\"https:\/\/dicoames.com\/#website\"},\"primaryImageOfPage\":{\"@id\":\"https:\/\/dicoames.com\/index.php\/empresa\/#primaryimage\"},\"image\":{\"@id\":\"https:\/\/dicoames.com\/index.php\/empresa\/#primaryimage\"},\"thumbnailUrl\":\"https:\/\/dicoames.com\/wp-content\/uploads\/2015\/08\/fachada1.jpg\",\"datePublished\":\"2015-08-04T16:18:20+00:00\",\"dateModified\":\"2023-04-20T19:05:02+00:00\",\"description\":\"Venta de equipo el\u00e9ctrico en M\u00e9rida, DICOAMES Distribuidora y comercializadora de materiales el\u00e9ctricos, herrajes y suministros | Cont\u00e1ctanos\",\"breadcrumb\":{\"@id\":\"https:\/\/dicoames.com\/index.php\/empresa\/#breadcrumb\"},\"inLanguage\":\"es\",\"potentialAction\":[{\"@type\":\"ReadAction\",\"target\":[\"https:\/\/dicoames.com\/index.php\/empresa\/\"]}]},{\"@type\":\"ImageObject\",\"inLanguage\":\"es\",\"@id\":\"https:\/\/dicoames.com\/index.php\/empresa\/#primaryimage\",\"url\":\"https:\/\/dicoames.com\/wp-content\/uploads\/2015\/08\/fachada1.jpg\",\"contentUrl\":\"https:\/\/dicoames.com\/wp-content\/uploads\/2015\/08\/fachada1.jpg\"},{\"@type\":\"BreadcrumbList\",\"@id\":\"https:\/\/dicoames.com\/index.php\/empresa\/#breadcrumb\",\"itemListElement\":[{\"@type\":\"ListItem\",\"position\":1,\"name\":\"Portada\",\"item\":\"https:\/\/dicoames.com\/\"},{\"@type\":\"ListItem\",\"position\":2,\"name\":\"Empresa\"}]},{\"@type\":\"WebSite\",\"@id\":\"https:\/\/dicoames.com\/#website\",\"url\":\"https:\/\/dicoames.com\/\",\"name\":\"Material Electrico\",\"description\":\"DICOAMES\",\"potentialAction\":[{\"@type\":\"SearchAction\",\"target\":{\"@type\":\"EntryPoint\",\"urlTemplate\":\"https:\/\/dicoames.com\/?s={search_term_string}\"},\"query-input\":{\"@type\":\"PropertyValueSpecification\",\"valueRequired\":true,\"valueName\":\"search_term_string\"}}],\"inLanguage\":\"es\"}]}<\/script>\n<!-- \/ Yoast SEO plugin. -->","yoast_head_json":{"title":"Venta de equipo el\u00e9ctrico en M\u00e9rida | Distribuidora Dicoames","description":"Venta de equipo el\u00e9ctrico en M\u00e9rida, DICOAMES Distribuidora y comercializadora de materiales el\u00e9ctricos, herrajes y suministros | Cont\u00e1ctanos","robots":{"index":"index","follow":"follow","max-snippet":"max-snippet:-1","max-image-preview":"max-image-preview:large","max-video-preview":"max-video-preview:-1"},"canonical":"https:\/\/dicoames.com\/index.php\/empresa\/","og_locale":"es_ES","og_type":"article","og_title":"Venta de equipo el\u00e9ctrico en M\u00e9rida | Distribuidora Dicoames","og_description":"Venta de equipo el\u00e9ctrico en M\u00e9rida, DICOAMES Distribuidora y comercializadora de materiales el\u00e9ctricos, herrajes y suministros | Cont\u00e1ctanos","og_url":"https:\/\/dicoames.com\/index.php\/empresa\/","og_site_name":"Material Electrico","article_modified_time":"2023-04-20T19:05:02+00:00","og_image":[{"url":"https:\/\/dicoames.com\/wp-content\/uploads\/2015\/08\/fachada1.jpg","type":"","width":"","height":""}],"twitter_card":"summary_large_image","twitter_misc":{"Tiempo de lectura":"3 minutos"},"schema":{"@context":"https:\/\/schema.org","@graph":[{"@type":"WebPage","@id":"https:\/\/dicoames.com\/index.php\/empresa\/","url":"https:\/\/dicoames.com\/index.php\/empresa\/","name":"Venta de equipo el\u00e9ctrico en M\u00e9rida | Distribuidora Dicoames","isPartOf":{"@id":"https:\/\/dicoames.com\/#website"},"primaryImageOfPage":{"@id":"https:\/\/dicoames.com\/index.php\/empresa\/#primaryimage"},"image":{"@id":"https:\/\/dicoames.com\/index.php\/empresa\/#primaryimage"},"thumbnailUrl":"https:\/\/dicoames.com\/wp-content\/uploads\/2015\/08\/fachada1.jpg","datePublished":"2015-08-04T16:18:20+00:00","dateModified":"2023-04-20T19:05:02+00:00","description":"Venta de equipo el\u00e9ctrico en M\u00e9rida, DICOAMES Distribuidora y comercializadora de materiales el\u00e9ctricos, herrajes y suministros | Cont\u00e1ctanos","breadcrumb":{"@id":"https:\/\/dicoames.com\/index.php\/empresa\/#breadcrumb"},"inLanguage":"es","potentialAction":[{"@type":"ReadAction","target":["https:\/\/dicoames.com\/index.php\/empresa\/"]}]},{"@type":"ImageObject","inLanguage":"es","@id":"https:\/\/dicoames.com\/index.php\/empresa\/#primaryimage","url":"https:\/\/dicoames.com\/wp-content\/uploads\/2015\/08\/fachada1.jpg","contentUrl":"https:\/\/dicoames.com\/wp-content\/uploads\/2015\/08\/fachada1.jpg"},{"@type":"BreadcrumbList","@id":"https:\/\/dicoames.com\/index.php\/empresa\/#breadcrumb","itemListElement":[{"@type":"ListItem","position":1,"name":"Portada","item":"https:\/\/dicoames.com\/"},{"@type":"ListItem","position":2,"name":"Empresa"}]},{"@type":"WebSite","@id":"https:\/\/dicoames.com\/#website","url":"https:\/\/dicoames.com\/","name":"Material Electrico","description":"DICOAMES","potentialAction":[{"@type":"SearchAction","target":{"@type":"EntryPoint","urlTemplate":"https:\/\/dicoames.com\/?s={search_term_string}"},"query-input":{"@type":"PropertyValueSpecification","valueRequired":true,"valueName":"search_term_string"}}],"inLanguage":"es"}]}},"_hostinger_reach_plugin_has_subscription_block":false,"_hostinger_reach_plugin_is_elementor":false,"_links":{"self":[{"href":"https:\/\/dicoames.com\/index.php\/wp-json\/wp\/v2\/pages\/47","targetHints":{"allow":["GET"]}}],"collection":[{"href":"https:\/\/dicoames.com\/index.php\/wp-json\/wp\/v2\/pages"}],"about":[{"href":"https:\/\/dicoames.com\/index.php\/wp-json\/wp\/v2\/types\/page"}],"author":[{"embeddable":true,"href":"https:\/\/dicoames.com\/index.php\/wp-json\/wp\/v2\/users\/2"}],"replies":[{"embeddable":true,"href":"https:\/\/dicoames.com\/index.php\/wp-json\/wp\/v2\/comments?post=47"}],"version-history":[{"count":57,"href":"https:\/\/dicoames.com\/index.php\/wp-json\/wp\/v2\/pages\/47\/revisions"}],"predecessor-version":[{"id":519,"href":"https:\/\/dicoames.com\/index.php\/wp-json\/wp\/v2\/pages\/47\/revisions\/519"}],"wp:attachment":[{"href":"https:\/\/dicoames.com\/index.php\/wp-json\/wp\/v2\/media?parent=47"}],"curies":[{"name":"wp","href":"https:\/\/api.w.org\/{rel}","templated":true}]}}